{"id":263,"date":"2017-08-31T11:17:01","date_gmt":"2017-08-31T11:17:01","guid":{"rendered":"http:\/\/apafes.org\/?page_id=263"},"modified":"2025-02-18T10:26:28","modified_gmt":"2025-02-18T10:26:28","slug":"pagina-de-inicio-2","status":"publish","type":"page","link":"https:\/\/apafes.org\/","title":{"rendered":"P\u00e1gina de inicio"},"content":{"rendered":"<div id=\"pl-263\"  class=\"panel-layout\" ><div id=\"pg-263-0\"  class=\"panel-grid panel-no-style\" ><div id=\"pgc-263-0-0\"  class=\"panel-grid-cell panel-grid-cell-empty\" ><\/div><\/div><div id=\"pg-263-1\"  class=\"panel-grid panel-no-style\" ><div id=\"pgc-263-1-0\"  class=\"panel-grid-cell\" ><div id=\"panel-263-1-0-0\" class=\"so-panel widget widget_sow-editor panel-first-child panel-last-child\" data-index=\"0\" ><div\n\t\t\t\n\t\t\tclass=\"so-widget-sow-editor so-widget-sow-editor-base\"\n\t\t\t\n\t\t>\n<div class=\"siteorigin-widget-tinymce textwidget\">\n\t<p>Le damos la bienvenida a nuestra pagina web.<\/p>\n<p>Nuestro objetivo es mejorar la vida de las personas que padecen una enfermedad mental.<\/p>\n<p>Haznos sugerencias y ay\u00fadanos a lograrlo.<\/p>\n<p>Si quieres colaborar con la asociaci\u00f3n ,puedes descargar un impreso para hacerte socio pinchando <a href=\"https:\/\/apafes.org\/wp-content\/uploads\/2022\/07\/Boletinsocio.pdf\">aqu\u00ed<\/a>.<\/p>\n<p>Puedes hacer un donativo a trav\u00e9s de este enlace:\u00a0<a href=\"http:\/\/www.migranodearena.org\/reto\/colaboracion-conferencia\"><strong>Donativos<\/strong><\/a>.<\/p>\n<\/div>\n<\/div><\/div><\/div><div id=\"pgc-263-1-1\"  class=\"panel-grid-cell\" ><div id=\"panel-263-1-1-0\" class=\"so-panel widget widget_sow-editor panel-first-child panel-last-child\" data-index=\"1\" ><div\n\t\t\t\n\t\t\tclass=\"so-widget-sow-editor so-widget-sow-editor-base\"\n\t\t\t\n\t\t>\n<div class=\"siteorigin-widget-tinymce textwidget\">\n\t<p>En colaboraci\u00f3n con ICONG (Instituto para la calidad de las ONG) y a trav\u00e9s de su programa \u201cEspacio ONGC\u201d, estamos trabajando para implantar un sistema de gesti\u00f3n de la calidad basado en la norma \u201cONG Calidad\u201d, una norma creada por ONGs para ONGs basada en un enfoque de principios y valores. Para saber mas sobre esta norma pincha <a href=\"http:\/\/icong.org\/\" target=\"_blank\" rel=\"noopener\">aqui<\/a>.<\/p>\n<p><img decoding=\"async\" class=\"\" src=\"http:\/\/icong.org\/wp-content\/uploads\/2016\/11\/ICONG_183x272.png\" width=\"65\" height=\"97\" \/>\u00a0 \u00a0<img decoding=\"async\" class=\"alignright\" src=\"http:\/\/apafes.org\/wp-content\/uploads\/2017\/07\/ong-calidad-637x328-300x154.jpg\" width=\"175\" height=\"90\" \/><\/p>\n<\/div>\n<\/div><\/div><\/div><\/div><div id=\"pg-263-2\"  class=\"panel-grid panel-no-style\" ><div id=\"pgc-263-2-0\"  class=\"panel-grid-cell panel-grid-cell-empty\" ><\/div><\/div><\/div>","protected":false},"excerpt":{"rendered":"<p>Le damos la bienvenida a nuestra pagina web. Nuestro objetivo es mejorar la vida de las personas que padecen una enfermedad mental. Haznos sugerencias y ay\u00fadanos a lograrlo. Si quieres colaborar con la asociaci\u00f3n ,puedes descargar un impreso para hacerte socio pinchando aqu\u00ed. Puedes hacer un donativo a trav\u00e9s de este enlace:\u00a0Donativos. En colaboraci\u00f3n con [&hellip;]<\/p>\n","protected":false},"author":1,"featured_media":0,"parent":0,"menu_order":0,"comment_status":"closed","ping_status":"closed","template":"home-panels.php","meta":{"footnotes":""},"class_list":["post-263","page","type-page","status-publish","hentry","post"],"_links":{"self":[{"href":"https:\/\/apafes.org\/index.php?rest_route=\/wp\/v2\/pages\/263","targetHints":{"allow":["GET"]}}],"collection":[{"href":"https:\/\/apafes.org\/index.php?rest_route=\/wp\/v2\/pages"}],"about":[{"href":"https:\/\/apafes.org\/index.php?rest_route=\/wp\/v2\/types\/page"}],"author":[{"embeddable":true,"href":"https:\/\/apafes.org\/index.php?rest_route=\/wp\/v2\/users\/1"}],"replies":[{"embeddable":true,"href":"https:\/\/apafes.org\/index.php?rest_route=%2Fwp%2Fv2%2Fcomments&post=263"}],"version-history":[{"count":79,"href":"https:\/\/apafes.org\/index.php?rest_route=\/wp\/v2\/pages\/263\/revisions"}],"predecessor-version":[{"id":836,"href":"https:\/\/apafes.org\/index.php?rest_route=\/wp\/v2\/pages\/263\/revisions\/836"}],"wp:attachment":[{"href":"https:\/\/apafes.org\/index.php?rest_route=%2Fwp%2Fv2%2Fmedia&parent=263"}],"curies":[{"name":"wp","href":"https:\/\/api.w.org\/{rel}","templated":true}]}}